{"id":1436,"date":"2023-11-09T19:44:34","date_gmt":"2023-11-09T19:44:34","guid":{"rendered":"https:\/\/trace.ces.uc.pt\/sobre\/metodologia-e-calendario\/"},"modified":"2024-01-03T01:14:11","modified_gmt":"2024-01-03T01:14:11","slug":"metodologia-e-calendario","status":"publish","type":"page","link":"https:\/\/trace.ces.uc.pt\/pt-pt\/sobre\/metodologia-e-calendario\/","title":{"rendered":"Metodologia e calend\u00e1rio"},"content":{"rendered":"\t\t<div data-elementor-type=\"wp-page\" data-elementor-id=\"1436\" class=\"elementor elementor-1436 elementor-84\" data-elementor-post-type=\"page\">\n\t\t\t\t<div class=\"elementor-element elementor-element-6fd4e3f e-flex e-con-boxed e-con e-parent\" data-id=\"6fd4e3f\" data-element_type=\"container\" data-settings=\"{&quot;background_background&quot;:&quot;classic&quot;}\">\n\t\t\t\t\t<div class=\"e-con-inner\">\n\t\t<div class=\"elementor-element elementor-element-156cab4 e-con-full e-flex e-con e-child\" data-id=\"156cab4\" data-element_type=\"container\">\n\t\t\t\t<div class=\"elementor-element elementor-element-ee92592 elementor-widget elementor-widget-heading\" data-id=\"ee92592\" data-element_type=\"widget\" data-widget_type=\"heading.default\">\n\t\t\t\t<div class=\"elementor-widget-container\">\n\t\t\t\t\t<h2 class=\"elementor-heading-title elementor-size-default\">Sobre \/ <\/h2>\t\t\t\t<\/div>\n\t\t\t\t<\/div>\n\t\t\t\t<div class=\"elementor-element elementor-element-967cb0d elementor-widget elementor-widget-heading\" data-id=\"967cb0d\" data-element_type=\"widget\" data-widget_type=\"heading.default\">\n\t\t\t\t<div class=\"elementor-widget-container\">\n\t\t\t\t\t<h1 class=\"elementor-heading-title elementor-size-default\">Metodologia e calend\u00e1rio<\/h1>\t\t\t\t<\/div>\n\t\t\t\t<\/div>\n\t\t\t\t<\/div>\n\t\t<div class=\"elementor-element elementor-element-4d48b86 e-con-full e-flex e-con e-child\" data-id=\"4d48b86\" data-element_type=\"container\">\n\t\t<div class=\"elementor-element elementor-element-0b19efc e-con-full e-flex e-con e-child\" data-id=\"0b19efc\" data-element_type=\"container\" data-settings=\"{&quot;background_background&quot;:&quot;gradient&quot;}\">\n\t\t\t\t<\/div>\n\t\t<div class=\"elementor-element elementor-element-bc68aec e-con-full e-flex e-con e-child\" data-id=\"bc68aec\" data-element_type=\"container\">\n\t\t<div class=\"elementor-element elementor-element-0321fe0 e-flex e-con-boxed e-con e-child\" data-id=\"0321fe0\" data-element_type=\"container\">\n\t\t\t\t\t<div class=\"e-con-inner\">\n\t\t<div class=\"elementor-element elementor-element-e87f350 e-con-full e-flex e-con e-child\" data-id=\"e87f350\" data-element_type=\"container\">\n\t\t\t\t<div class=\"elementor-element elementor-element-bcea30a elementor-widget elementor-widget-html\" data-id=\"bcea30a\" data-element_type=\"widget\" data-widget_type=\"html.default\">\n\t\t\t\t<div class=\"elementor-widget-container\">\n\t\t\t\t\t<div class=\"year-timeline\"><\/div>\t\t\t\t<\/div>\n\t\t\t\t<\/div>\n\t\t\t\t<\/div>\n\t\t<div class=\"elementor-element elementor-element-d3ce2c8 e-con-full e-flex e-con e-child\" data-id=\"d3ce2c8\" data-element_type=\"container\">\n\t\t\t\t<div class=\"elementor-element elementor-element-48dbafc elementor-widget elementor-widget-heading\" data-id=\"48dbafc\" data-element_type=\"widget\" data-widget_type=\"heading.default\">\n\t\t\t\t<div class=\"elementor-widget-container\">\n\t\t\t\t\t<h2 class=\"elementor-heading-title elementor-size-default\">Ano 1<\/h2>\t\t\t\t<\/div>\n\t\t\t\t<\/div>\n\t\t\t\t<div class=\"elementor-element elementor-element-9afa942 elementor-widget elementor-widget-text-editor\" data-id=\"9afa942\" data-element_type=\"widget\" data-widget_type=\"text-editor.default\">\n\t\t\t\t<div class=\"elementor-widget-container\">\n\t\t\t\t\t\t\t\t\t<p>(Meses 1 a 12)<\/p>\n\t\t\t\t\t\t\t\t<\/div>\n\t\t\t\t<\/div>\n\t\t\t\t<\/div>\n\t\t<div class=\"elementor-element elementor-element-3f30e1d e-flex e-con-boxed e-con e-child\" data-id=\"3f30e1d\" data-element_type=\"container\">\n\t\t\t\t\t<div class=\"e-con-inner\">\n\t\t\t\t<div class=\"elementor-element elementor-element-69eae96 elementor-widget elementor-widget-heading\" data-id=\"69eae96\" data-element_type=\"widget\" data-widget_type=\"heading.default\">\n\t\t\t\t<div class=\"elementor-widget-container\">\n\t\t\t\t\t<h3 class=\"elementor-heading-title elementor-size-default\">Background e forma\u00e7\u00e3o\n<\/h3>\t\t\t\t<\/div>\n\t\t\t\t<\/div>\n\t\t\t\t<div class=\"elementor-element elementor-element-1e737c9 box-timeline elementor-widget elementor-widget-text-editor\" data-id=\"1e737c9\" data-element_type=\"widget\" data-widget_type=\"text-editor.default\">\n\t\t\t\t<div class=\"elementor-widget-container\">\n\t\t\t\t\t\t\t\t\t<p>O ano 1 inclui o background te\u00f3rico e nacional, para cada pa\u00eds em estudo, incluindo workshops te\u00f3ricos conduzidos pela Investigadora Principal e pelos Investigadores em P\u00f3s-doutoramento; bem como a forma\u00e7\u00e3o e pr\u00e1tica metodol\u00f3gica no M\u00e9todo Interpretativo Narrativo Biogr\u00e1fico (BNIM).<\/p>\n<p><strong>Marcos<\/strong><\/p>\n<ul>\n<li>M\u00eas 9: 1 escola de ver\u00e3o de forma\u00e7\u00e3o avan\u00e7ada (Monsters Summer School III)<\/li>\n<li>M\u00eas 10: relat\u00f3rios executivos sobre a situa\u00e7\u00e3o s\u00f3cio-pol\u00edtica em cada pa\u00eds<\/li>\n<li>M\u00eas 11: forma\u00e7\u00e3o BNIM<\/li>\n<li>M\u00eas 12: submiss\u00e3o de 1 artigo em revista cient\u00edfica<\/li>\n<\/ul>\n\t\t\t\t\t\t\t\t<\/div>\n\t\t\t\t<\/div>\n\t\t\t\t\t<\/div>\n\t\t\t\t<\/div>\n\t\t\t\t\t<\/div>\n\t\t\t\t<\/div>\n\t\t<div class=\"elementor-element elementor-element-3d96edc e-flex e-con-boxed e-con e-child\" data-id=\"3d96edc\" data-element_type=\"container\">\n\t\t\t\t\t<div class=\"e-con-inner\">\n\t\t<div class=\"elementor-element elementor-element-270a442 e-con-full e-flex e-con e-child\" data-id=\"270a442\" data-element_type=\"container\">\n\t\t\t\t<div class=\"elementor-element elementor-element-e37781f elementor-widget elementor-widget-html\" data-id=\"e37781f\" data-element_type=\"widget\" data-widget_type=\"html.default\">\n\t\t\t\t<div class=\"elementor-widget-container\">\n\t\t\t\t\t<div class=\"year-timeline\"><\/div>\t\t\t\t<\/div>\n\t\t\t\t<\/div>\n\t\t\t\t<\/div>\n\t\t<div class=\"elementor-element elementor-element-aa5758d e-con-full e-flex e-con e-child\" data-id=\"aa5758d\" data-element_type=\"container\">\n\t\t\t\t<div class=\"elementor-element elementor-element-8a07698 elementor-widget elementor-widget-heading\" data-id=\"8a07698\" data-element_type=\"widget\" data-widget_type=\"heading.default\">\n\t\t\t\t<div class=\"elementor-widget-container\">\n\t\t\t\t\t<h2 class=\"elementor-heading-title elementor-size-default\">Ano 2<\/h2>\t\t\t\t<\/div>\n\t\t\t\t<\/div>\n\t\t\t\t<div class=\"elementor-element elementor-element-8ba3335 elementor-widget elementor-widget-text-editor\" data-id=\"8ba3335\" data-element_type=\"widget\" data-widget_type=\"text-editor.default\">\n\t\t\t\t<div class=\"elementor-widget-container\">\n\t\t\t\t\t\t\t\t\t<p>(Meses 13 a 24)<\/p>\n\t\t\t\t\t\t\t\t<\/div>\n\t\t\t\t<\/div>\n\t\t\t\t<\/div>\n\t\t<div class=\"elementor-element elementor-element-03d3720 e-flex e-con-boxed e-con e-child\" data-id=\"03d3720\" data-element_type=\"container\">\n\t\t\t\t\t<div class=\"e-con-inner\">\n\t\t\t\t<div class=\"elementor-element elementor-element-7375cbf elementor-widget elementor-widget-heading\" data-id=\"7375cbf\" data-element_type=\"widget\" data-widget_type=\"heading.default\">\n\t\t\t\t<div class=\"elementor-widget-container\">\n\t\t\t\t\t<h3 class=\"elementor-heading-title elementor-size-default\">Trabalho de campo e an\u00e1lise por pa\u00eds<\/h3>\t\t\t\t<\/div>\n\t\t\t\t<\/div>\n\t\t\t\t<div class=\"elementor-element elementor-element-e24db12 box-timeline elementor-widget elementor-widget-text-editor\" data-id=\"e24db12\" data-element_type=\"widget\" data-widget_type=\"text-editor.default\">\n\t\t\t\t<div class=\"elementor-widget-container\">\n\t\t\t\t\t\t\t\t\t<p>Entrevistas qualitativas aprofundadas, inspiradas no m\u00e9todo BNIM, efectuadas em cada pa\u00eds com participantes nascidos antes de 1960. Prev\u00ea-se a realiza\u00e7\u00e3o de um total de 80 entrevistas BNIM. As entrevistas ser\u00e3o transcritas, traduzidas, anonimizadas e analisadas pela equipa de investiga\u00e7\u00e3o, centrando-se na vida vivida no contexto s\u00f3cio-hist\u00f3rico mais vasto. O conjunto de dados ser\u00e1 sujeito ao protocolo anal\u00edtico TRACE, originalmente concebido pela Investigadora Principal: fase 1 &#8211; as narrativas (narratives); fase 2 &#8211; as contra-narrativas (counternarratives); fase 3 &#8211; as narrativas de encontro (encounternarratives). Ap\u00f3s a realiza\u00e7\u00e3o desta an\u00e1lise, a equipa de investiga\u00e7\u00e3o produzir\u00e1 5 relat\u00f3rios nacionais para cada um dos pa\u00edses em estudo.<\/p>\n<p><strong>Marcos<\/strong><\/p>\n<ul>\n<li>M\u00eas 15: fim do trabalho de campo<\/li>\n<li>M\u00eas 22: fim da an\u00e1lise com base nacional<\/li>\n<li>M\u00eas 24: apresenta\u00e7\u00e3o de 2 comunica\u00e7\u00f5es em confer\u00eancias e 2 artigos em revistas cient\u00edficas<\/li>\n<\/ul>\n\t\t\t\t\t\t\t\t<\/div>\n\t\t\t\t<\/div>\n\t\t\t\t\t<\/div>\n\t\t\t\t<\/div>\n\t\t\t\t\t<\/div>\n\t\t\t\t<\/div>\n\t\t<div class=\"elementor-element elementor-element-7a1d599 e-flex e-con-boxed e-con e-child\" data-id=\"7a1d599\" data-element_type=\"container\">\n\t\t\t\t\t<div class=\"e-con-inner\">\n\t\t<div class=\"elementor-element elementor-element-f67b91b e-con-full e-flex e-con e-child\" data-id=\"f67b91b\" data-element_type=\"container\">\n\t\t\t\t<div class=\"elementor-element elementor-element-0d64590 elementor-widget elementor-widget-html\" data-id=\"0d64590\" data-element_type=\"widget\" data-widget_type=\"html.default\">\n\t\t\t\t<div class=\"elementor-widget-container\">\n\t\t\t\t\t<div class=\"year-timeline\"><\/div>\t\t\t\t<\/div>\n\t\t\t\t<\/div>\n\t\t\t\t<\/div>\n\t\t<div class=\"elementor-element elementor-element-f62f9e1 e-con-full e-flex e-con e-child\" data-id=\"f62f9e1\" data-element_type=\"container\">\n\t\t\t\t<div class=\"elementor-element elementor-element-5844554 elementor-widget elementor-widget-heading\" data-id=\"5844554\" data-element_type=\"widget\" data-widget_type=\"heading.default\">\n\t\t\t\t<div class=\"elementor-widget-container\">\n\t\t\t\t\t<h2 class=\"elementor-heading-title elementor-size-default\">Anos 3 e 4<\/h2>\t\t\t\t<\/div>\n\t\t\t\t<\/div>\n\t\t\t\t<div class=\"elementor-element elementor-element-445bcdd elementor-widget elementor-widget-text-editor\" data-id=\"445bcdd\" data-element_type=\"widget\" data-widget_type=\"text-editor.default\">\n\t\t\t\t<div class=\"elementor-widget-container\">\n\t\t\t\t\t\t\t\t\t<p>(Meses 25 a 48)<\/p>\n\t\t\t\t\t\t\t\t<\/div>\n\t\t\t\t<\/div>\n\t\t\t\t<\/div>\n\t\t<div class=\"elementor-element elementor-element-25a7b27 e-flex e-con-boxed e-con e-child\" data-id=\"25a7b27\" data-element_type=\"container\">\n\t\t\t\t\t<div class=\"e-con-inner\">\n\t\t\t\t<div class=\"elementor-element elementor-element-4f38985 elementor-widget elementor-widget-heading\" data-id=\"4f38985\" data-element_type=\"widget\" data-widget_type=\"heading.default\">\n\t\t\t\t<div class=\"elementor-widget-container\">\n\t\t\t\t\t<h3 class=\"elementor-heading-title elementor-size-default\">An\u00e1lise Integrativa de Dados I, II e III\n<\/h3>\t\t\t\t<\/div>\n\t\t\t\t<\/div>\n\t\t\t\t<div class=\"elementor-element elementor-element-f816632 box-timeline elementor-widget elementor-widget-text-editor\" data-id=\"f816632\" data-element_type=\"widget\" data-widget_type=\"text-editor.default\">\n\t\t\t\t<div class=\"elementor-widget-container\">\n\t\t\t\t\t\t\t\t\t<p>Replicar o protocolo anal\u00edtico de tr\u00eas vertentes do TRACE atrav\u00e9s de uma abordagem integrativa e transnacional:<\/p>\n<p><strong>An\u00e1lise Integrativa I:<\/strong> I am what I am: becoming a subject. Baseado na Linha de Investiga\u00e7\u00e3o 1 &#8211; Outlaw. Foco principal: tornar-se um sujeito de direitos depois de ter sido ilegal &#8211; crescer como LGBTI+ durante regimes pol\u00edticos repressivos; estrat\u00e9gias individuais e colectivas para evadir a ilegalidade.<\/p>\n<p><strong>An\u00e1lise Integrativa II:<\/strong> I\u2019m still standing: remaining a subject. Baseado na Linha de Investiga\u00e7\u00e3o 2 &#8211; Outcast. Foco principal: continuar a ser um sujeito de direitos apesar de estar doente\/apesar do estigma relacionado com a doen\u00e7a; a ideia de um &#8220;grupo de risco&#8221;, discrimina\u00e7\u00e3o e suspens\u00e3o de direitos durante a crise da SIDA.<\/p>\n<p><strong>An\u00e1lise Integrativa III:<\/strong> Both sides now: towards a 60+ queer citizenship. Baseado na Linha de Investiga\u00e7\u00e3o 3 &#8211; Outlast. Foco principal: envelhecer como pessoa LGBTI+ em pa\u00edses que reconhecem os direitos de pessoas LGBTI+, aus\u00eancia de pol\u00edticas adequadas que intersectem o envelhecimento e as sexualidades, impactos relacionados com a sa\u00fade mental e o bem-estar.<\/p>\n<p><strong>Marcos<\/strong><\/p>\n<ul>\n<li>M\u00eas 32: fim da an\u00e1lise integrativa 1<\/li>\n<li>M\u00eas 40: fim da an\u00e1lise integrativa 2<\/li>\n<li>M\u00eas 48: fim da an\u00e1lise integrativa 3<\/li>\n<\/ul>\n\t\t\t\t\t\t\t\t<\/div>\n\t\t\t\t<\/div>\n\t\t\t\t\t<\/div>\n\t\t\t\t<\/div>\n\t\t\t\t\t<\/div>\n\t\t\t\t<\/div>\n\t\t\t\t<\/div>\n\t\t\t\t<\/div>\n\t\t<div class=\"elementor-element elementor-element-2ade397 e-con-full e-flex e-con e-child\" data-id=\"2ade397\" data-element_type=\"container\">\n\t\t<div class=\"elementor-element elementor-element-1d18cdd e-con-full e-flex e-con e-child\" data-id=\"1d18cdd\" data-element_type=\"container\" data-settings=\"{&quot;background_background&quot;:&quot;classic&quot;}\">\n\t\t\t\t<\/div>\n\t\t<div class=\"elementor-element elementor-element-1cf40c5 e-con-full e-flex e-con e-child\" data-id=\"1cf40c5\" data-element_type=\"container\">\n\t\t<div class=\"elementor-element elementor-element-0a59e13 e-flex e-con-boxed e-con e-child\" data-id=\"0a59e13\" data-element_type=\"container\">\n\t\t\t\t\t<div class=\"e-con-inner\">\n\t\t<div class=\"elementor-element elementor-element-7170a69 e-con-full e-flex e-con e-child\" data-id=\"7170a69\" data-element_type=\"container\">\n\t\t\t\t<div class=\"elementor-element elementor-element-16f52ad elementor-widget elementor-widget-html\" data-id=\"16f52ad\" data-element_type=\"widget\" data-widget_type=\"html.default\">\n\t\t\t\t<div class=\"elementor-widget-container\">\n\t\t\t\t\t<div class=\"year-timeline-alt\"><\/div>\t\t\t\t<\/div>\n\t\t\t\t<\/div>\n\t\t\t\t<\/div>\n\t\t<div class=\"elementor-element elementor-element-6b75621 e-con-full e-flex e-con e-child\" data-id=\"6b75621\" data-element_type=\"container\">\n\t\t\t\t<div class=\"elementor-element elementor-element-f12f511 elementor-widget elementor-widget-heading\" data-id=\"f12f511\" data-element_type=\"widget\" data-widget_type=\"heading.default\">\n\t\t\t\t<div class=\"elementor-widget-container\">\n\t\t\t\t\t<h2 class=\"elementor-heading-title elementor-size-default\">Ano 5<\/h2>\t\t\t\t<\/div>\n\t\t\t\t<\/div>\n\t\t\t\t<div class=\"elementor-element elementor-element-f74d6ad elementor-widget elementor-widget-text-editor\" data-id=\"f74d6ad\" data-element_type=\"widget\" data-widget_type=\"text-editor.default\">\n\t\t\t\t<div class=\"elementor-widget-container\">\n\t\t\t\t\t\t\t\t\t<p>(Meses 49 a 60)<\/p>\n\t\t\t\t\t\t\t\t<\/div>\n\t\t\t\t<\/div>\n\t\t\t\t<\/div>\n\t\t<div class=\"elementor-element elementor-element-def615b e-flex e-con-boxed e-con e-child\" data-id=\"def615b\" data-element_type=\"container\">\n\t\t\t\t\t<div class=\"e-con-inner\">\n\t\t\t\t<div class=\"elementor-element elementor-element-495130c elementor-widget elementor-widget-heading\" data-id=\"495130c\" data-element_type=\"widget\" data-widget_type=\"heading.default\">\n\t\t\t\t<div class=\"elementor-widget-container\">\n\t\t\t\t\t<h3 class=\"elementor-heading-title elementor-size-default\">Divulga\u00e7\u00e3o e comunica\u00e7\u00e3o (D&amp;C)\n<\/h3>\t\t\t\t<\/div>\n\t\t\t\t<\/div>\n\t\t\t\t<div class=\"elementor-element elementor-element-ffec12d box-timeline elementor-widget elementor-widget-text-editor\" data-id=\"ffec12d\" data-element_type=\"widget\" data-widget_type=\"text-editor.default\">\n\t\t\t\t<div class=\"elementor-widget-container\">\n\t\t\t\t\t\t\t\t\t<p>O plano de divulga\u00e7\u00e3o e comunica\u00e7\u00e3o abrange a divulga\u00e7\u00e3o acad\u00e9mica, bem como a divulga\u00e7\u00e3o e outras formas de comunica\u00e7\u00e3o com p\u00fablicos n\u00e3o acad\u00e9micos. A gest\u00e3o das redes sociais ser\u00e1 uma parte significativa da estrat\u00e9gia de D&amp;C. Apesar dos resultados significativos nos Anos 1, 2, 3 e 4, o Plano de D&amp;C no Ano 5 est\u00e1 exclusivamente centrado no aumento do impacto e da visibilidade, tanto a n\u00edvel local como internacional. Os resultados incluem:<\/p>\n<p><strong>Marcos<\/strong><\/p>\n<ul>\n<li>7 comunica\u00e7\u00f5es em confer\u00eancias nacionais e internacionais<\/li>\n<li>5 artigos submetidos a revistas cient\u00edficas<\/li>\n<li>1 proposta de livro e 1 n\u00famero especial de uma revista cient\u00edfica<\/li>\n<li>2 teses de doutoramento submetidas<\/li>\n<li>1 document\u00e1rio Queer Lives 60+<\/li>\n<li>1 ensaio fotogr\u00e1fico e exposi\u00e7\u00e3o<\/li>\n<li>1 arquivo: Arquivo online Queer Lives 60+<\/li>\n<li>1 Resumo Executivo (traduzido para as 5 l\u00ednguas dos pa\u00edses do TRACE)<\/li>\n<\/ul>\n\t\t\t\t\t\t\t\t<\/div>\n\t\t\t\t<\/div>\n\t\t\t\t\t<\/div>\n\t\t\t\t<\/div>\n\t\t\t\t\t<\/div>\n\t\t\t\t<\/div>\n\t\t\t\t<\/div>\n\t\t\t\t<\/div>\n\t\t\t\t\t<\/div>\n\t\t\t\t<\/div>\n\t\t\t\t<\/div>\n\t\t","protected":false},"excerpt":{"rendered":"<p>Sobre \/ Metodologia e calend\u00e1rio Ano 1 (Meses 1 a 12) Background e forma\u00e7\u00e3o O ano 1 inclui o background te\u00f3rico e nacional, para cada pa\u00eds em estudo, incluindo workshops te\u00f3ricos conduzidos pela Investigadora Principal e pelos Investigadores em P\u00f3s-doutoramento; bem como a forma\u00e7\u00e3o e pr\u00e1tica metodol\u00f3gica no M\u00e9todo Interpretativo Narrativo Biogr\u00e1fico (BNIM). Marcos M\u00eas [&hellip;]<\/p>\n","protected":false},"author":3,"featured_media":0,"parent":1389,"menu_order":0,"comment_status":"closed","ping_status":"closed","template":"","meta":{"_acf_changed":false,"_eb_attr":"","pgc_sgb_lightbox_settings":"","footnotes":""},"class_list":["post-1436","page","type-page","status-publish","hentry"],"acf":[],"_links":{"self":[{"href":"https:\/\/trace.ces.uc.pt\/pt-pt\/wp-json\/wp\/v2\/pages\/1436","targetHints":{"allow":["GET"]}}],"collection":[{"href":"https:\/\/trace.ces.uc.pt\/pt-pt\/wp-json\/wp\/v2\/pages"}],"about":[{"href":"https:\/\/trace.ces.uc.pt\/pt-pt\/wp-json\/wp\/v2\/types\/page"}],"author":[{"embeddable":true,"href":"https:\/\/trace.ces.uc.pt\/pt-pt\/wp-json\/wp\/v2\/users\/3"}],"replies":[{"embeddable":true,"href":"https:\/\/trace.ces.uc.pt\/pt-pt\/wp-json\/wp\/v2\/comments?post=1436"}],"version-history":[{"count":3,"href":"https:\/\/trace.ces.uc.pt\/pt-pt\/wp-json\/wp\/v2\/pages\/1436\/revisions"}],"predecessor-version":[{"id":1439,"href":"https:\/\/trace.ces.uc.pt\/pt-pt\/wp-json\/wp\/v2\/pages\/1436\/revisions\/1439"}],"up":[{"embeddable":true,"href":"https:\/\/trace.ces.uc.pt\/pt-pt\/wp-json\/wp\/v2\/pages\/1389"}],"wp:attachment":[{"href":"https:\/\/trace.ces.uc.pt\/pt-pt\/wp-json\/wp\/v2\/media?parent=1436"}],"curies":[{"name":"wp","href":"https:\/\/api.w.org\/{rel}","templated":true}]}}