{"id":1414,"date":"2023-11-09T19:43:40","date_gmt":"2023-11-09T19:43:40","guid":{"rendered":"https:\/\/trace.ces.uc.pt\/sobre\/desafios\/"},"modified":"2024-01-02T23:25:10","modified_gmt":"2024-01-02T23:25:10","slug":"desafios","status":"publish","type":"page","link":"https:\/\/trace.ces.uc.pt\/pt-pt\/sobre\/desafios\/","title":{"rendered":"Desafios"},"content":{"rendered":"\t\t<div data-elementor-type=\"wp-page\" data-elementor-id=\"1414\" class=\"elementor elementor-1414 elementor-80\" data-elementor-post-type=\"page\">\n\t\t\t\t<div class=\"elementor-element elementor-element-60fb236 e-flex e-con-boxed e-con e-parent\" data-id=\"60fb236\" data-element_type=\"container\" data-settings=\"{&quot;background_background&quot;:&quot;classic&quot;}\">\n\t\t\t\t\t<div class=\"e-con-inner\">\n\t\t<div class=\"elementor-element elementor-element-2a9ed51 e-con-full e-flex e-con e-child\" data-id=\"2a9ed51\" data-element_type=\"container\">\n\t\t\t\t<div class=\"elementor-element elementor-element-edba5b4 elementor-widget elementor-widget-heading\" data-id=\"edba5b4\" data-element_type=\"widget\" data-widget_type=\"heading.default\">\n\t\t\t\t<div class=\"elementor-widget-container\">\n\t\t\t\t\t<h2 class=\"elementor-heading-title elementor-size-default\">Sobre \/ <\/h2>\t\t\t\t<\/div>\n\t\t\t\t<\/div>\n\t\t\t\t<div class=\"elementor-element elementor-element-7c79b77 elementor-widget elementor-widget-heading\" data-id=\"7c79b77\" data-element_type=\"widget\" data-widget_type=\"heading.default\">\n\t\t\t\t<div class=\"elementor-widget-container\">\n\t\t\t\t\t<h1 class=\"elementor-heading-title elementor-size-default\">Desafios<\/h1>\t\t\t\t<\/div>\n\t\t\t\t<\/div>\n\t\t\t\t<\/div>\n\t\t<div class=\"elementor-element elementor-element-3c7bf15 e-con-full e-flex e-con e-child\" data-id=\"3c7bf15\" data-element_type=\"container\">\n\t\t<div class=\"elementor-element elementor-element-b7131fe e-con-full e-flex e-con e-child\" data-id=\"b7131fe\" data-element_type=\"container\">\n\t\t<div class=\"elementor-element elementor-element-aeb3b3d e-flex e-con-boxed e-con e-child\" data-id=\"aeb3b3d\" data-element_type=\"container\" data-settings=\"{&quot;background_background&quot;:&quot;classic&quot;}\">\n\t\t\t\t\t<div class=\"e-con-inner\">\n\t\t<div class=\"elementor-element elementor-element-fb34d17 e-con-full e-flex e-con e-child\" data-id=\"fb34d17\" data-element_type=\"container\">\n\t\t\t\t<div class=\"elementor-element elementor-element-2ce9603 elementor-widget elementor-widget-heading\" data-id=\"2ce9603\" data-element_type=\"widget\" data-widget_type=\"heading.default\">\n\t\t\t\t<div class=\"elementor-widget-container\">\n\t\t\t\t\t<h4 class=\"elementor-heading-title elementor-size-default\">Desafio 1:<\/h4>\t\t\t\t<\/div>\n\t\t\t\t<\/div>\n\t\t\t\t<div class=\"elementor-element elementor-element-5f03bbb elementor-widget elementor-widget-heading\" data-id=\"5f03bbb\" data-element_type=\"widget\" data-widget_type=\"heading.default\">\n\t\t\t\t<div class=\"elementor-widget-container\">\n\t\t\t\t\t<h2 class=\"elementor-heading-title elementor-size-default\">Proteger a democracia<\/h2>\t\t\t\t<\/div>\n\t\t\t\t<\/div>\n\t\t\t\t<\/div>\n\t\t<div class=\"elementor-element elementor-element-fef2e0b e-con-full e-flex e-con e-child\" data-id=\"fef2e0b\" data-element_type=\"container\">\n\t\t\t\t<div class=\"elementor-element elementor-element-a5f32c8 elementor-widget elementor-widget-text-editor\" data-id=\"a5f32c8\" data-element_type=\"widget\" data-widget_type=\"text-editor.default\">\n\t\t\t\t<div class=\"elementor-widget-container\">\n\t\t\t\t\t\t\t\t\t<p>Os regimes democr\u00e1ticos est\u00e3o sob press\u00e3o crescente dentro e al\u00e9m da Europa. A ascens\u00e3o de movimentos populistas e de partidos de extrema-direita, alguns dos quais representados ao n\u00edvel de plataformas democraticamente eleitas, coloca desafios significativos que podem ser observados nos pa\u00edses selecionados. A igualdade de g\u00e9nero e sexual est\u00e1 no centro dos ataques antidemocr\u00e1ticos. Por conseguinte, para proteger a democracia, \u00e9 necess\u00e1ria uma aprendizagem a partir e com os estudos de g\u00e9nero e LGBTI+ que permita mobilizar a cidadania queer como uma unidade de medida para avaliar a qualidade das democracias na atualidade.<\/p>\n\t\t\t\t\t\t\t\t<\/div>\n\t\t\t\t<\/div>\n\t\t\t\t<\/div>\n\t\t\t\t\t<\/div>\n\t\t\t\t<\/div>\n\t\t<div class=\"elementor-element elementor-element-a4c4e6e e-flex e-con-boxed e-con e-child\" data-id=\"a4c4e6e\" data-element_type=\"container\" data-settings=\"{&quot;background_background&quot;:&quot;classic&quot;}\">\n\t\t\t\t\t<div class=\"e-con-inner\">\n\t\t<div class=\"elementor-element elementor-element-53236b6 e-con-full e-flex e-con e-child\" data-id=\"53236b6\" data-element_type=\"container\">\n\t\t\t\t<div class=\"elementor-element elementor-element-614b152 elementor-widget elementor-widget-heading\" data-id=\"614b152\" data-element_type=\"widget\" data-widget_type=\"heading.default\">\n\t\t\t\t<div class=\"elementor-widget-container\">\n\t\t\t\t\t<h4 class=\"elementor-heading-title elementor-size-default\">Desafio 2:<\/h4>\t\t\t\t<\/div>\n\t\t\t\t<\/div>\n\t\t\t\t<div class=\"elementor-element elementor-element-2433f62 elementor-widget elementor-widget-heading\" data-id=\"2433f62\" data-element_type=\"widget\" data-widget_type=\"heading.default\">\n\t\t\t\t<div class=\"elementor-widget-container\">\n\t\t\t\t\t<h2 class=\"elementor-heading-title elementor-size-default\">Reenquadrar a Cidadania<\/h2>\t\t\t\t<\/div>\n\t\t\t\t<\/div>\n\t\t\t\t<\/div>\n\t\t<div class=\"elementor-element elementor-element-6957205 e-con-full e-flex e-con e-child\" data-id=\"6957205\" data-element_type=\"container\">\n\t\t\t\t<div class=\"elementor-element elementor-element-e9a9934 elementor-widget elementor-widget-text-editor\" data-id=\"e9a9934\" data-element_type=\"widget\" data-widget_type=\"text-editor.default\">\n\t\t\t\t<div class=\"elementor-widget-container\">\n\t\t\t\t\t\t\t\t\t<p>O TRACE est\u00e1 estruturado em torno da ideia de que a cidadania \u00e9 atravessada por tens\u00f5es pol\u00edticas e conceptuais, e \u00e9 processual e dependente de momentos de transgress\u00e3o e reenquadramento. Reconhecer a fragilidade de qualquer regime de cidadania, sujeito a avan\u00e7os e recuos no espa\u00e7o de uma \u00fanica vida &#8211; como testemunham as pessoas adultas LGBTI+ mais velhas &#8211; coloca desafios significativos \u00e0 ideia de cidadania como um projeto partilhado e consolidado. Considerando os fundamentos historicamente heterocisnormativos da cidadania (Richardson, 2017), a TRACE explora as potencialidades do queer como uma lente atrav\u00e9s da qual a cidadania pode ser reenquadrada. Al\u00e9m disso, ao utilizar uma abordagem multi-escalar e sens\u00edvel ao curso de vida, o TRACE promove um di\u00e1logo interseccional com m\u00faltiplas camadas de perten\u00e7a LGBTI+ que afetam a experi\u00eancia de cidadania (por exemplo, migra\u00e7\u00e3o; religi\u00e3o; precariedade).<\/p>\n\t\t\t\t\t\t\t\t<\/div>\n\t\t\t\t<\/div>\n\t\t\t\t<\/div>\n\t\t\t\t\t<\/div>\n\t\t\t\t<\/div>\n\t\t<div class=\"elementor-element elementor-element-995d5b9 e-flex e-con-boxed e-con e-child\" data-id=\"995d5b9\" data-element_type=\"container\" data-settings=\"{&quot;background_background&quot;:&quot;classic&quot;}\">\n\t\t\t\t\t<div class=\"e-con-inner\">\n\t\t<div class=\"elementor-element elementor-element-cab4bdd e-con-full e-flex e-con e-child\" data-id=\"cab4bdd\" data-element_type=\"container\">\n\t\t\t\t<div class=\"elementor-element elementor-element-3693eec elementor-widget elementor-widget-heading\" data-id=\"3693eec\" data-element_type=\"widget\" data-widget_type=\"heading.default\">\n\t\t\t\t<div class=\"elementor-widget-container\">\n\t\t\t\t\t<h4 class=\"elementor-heading-title elementor-size-default\">Desafio 3:<\/h4>\t\t\t\t<\/div>\n\t\t\t\t<\/div>\n\t\t\t\t<div class=\"elementor-element elementor-element-0960d1e elementor-widget elementor-widget-heading\" data-id=\"0960d1e\" data-element_type=\"widget\" data-widget_type=\"heading.default\">\n\t\t\t\t<div class=\"elementor-widget-container\">\n\t\t\t\t\t<h2 class=\"elementor-heading-title elementor-size-default\">Revalorizar a experi\u00eancia<\/h2>\t\t\t\t<\/div>\n\t\t\t\t<\/div>\n\t\t\t\t<\/div>\n\t\t<div class=\"elementor-element elementor-element-eb6511a e-con-full e-flex e-con e-child\" data-id=\"eb6511a\" data-element_type=\"container\">\n\t\t\t\t<div class=\"elementor-element elementor-element-fc9cc03 elementor-widget elementor-widget-text-editor\" data-id=\"fc9cc03\" data-element_type=\"widget\" data-widget_type=\"text-editor.default\">\n\t\t\t\t<div class=\"elementor-widget-container\">\n\t\t\t\t\t\t\t\t\t<p>O TRACE est\u00e1 atento \u00e0s lacunas de conhecimento e empenhado em evitar o desperd\u00edcio de experi\u00eancias. H\u00e1 uma aus\u00eancia de conhecimento produzido sobre e a partir dos contextos europeus envolvidos neste estudo. Do mesmo modo, existe um d\u00e9fice de conhecimentos produzidos sobre e com pessoas em fases mais avan\u00e7adas da vida. A integra\u00e7\u00e3o de ambos os n\u00edveis de conhecimento &#8211; o conhecimento baseado no contexto, proveniente da an\u00e1lise sociopol\u00edtica, e o conhecimento baseado no indiv\u00edduo, proveniente de narrativas biogr\u00e1ficas &#8211; contribuir\u00e1 para uma melhor compreens\u00e3o dos desafios atuais e passados \u00e0 democracia e \u00e0 cidadania.<\/p>\n\t\t\t\t\t\t\t\t<\/div>\n\t\t\t\t<\/div>\n\t\t\t\t<\/div>\n\t\t\t\t\t<\/div>\n\t\t\t\t<\/div>\n\t\t\t\t<\/div>\n\t\t\t\t<\/div>\n\t\t\t\t\t<\/div>\n\t\t\t\t<\/div>\n\t\t\t\t<\/div>\n\t\t","protected":false},"excerpt":{"rendered":"<p>Sobre \/ Desafios Desafio 1: Proteger a democracia Os regimes democr\u00e1ticos est\u00e3o sob press\u00e3o crescente dentro e al\u00e9m da Europa. A ascens\u00e3o de movimentos populistas e de partidos de extrema-direita, alguns dos quais representados ao n\u00edvel de plataformas democraticamente eleitas, coloca desafios significativos que podem ser observados nos pa\u00edses selecionados. A igualdade de g\u00e9nero e [&hellip;]<\/p>\n","protected":false},"author":3,"featured_media":0,"parent":1389,"menu_order":0,"comment_status":"closed","ping_status":"closed","template":"","meta":{"_acf_changed":false,"_eb_attr":"","pgc_sgb_lightbox_settings":"","footnotes":""},"class_list":["post-1414","page","type-page","status-publish","hentry"],"acf":[],"_links":{"self":[{"href":"https:\/\/trace.ces.uc.pt\/pt-pt\/wp-json\/wp\/v2\/pages\/1414","targetHints":{"allow":["GET"]}}],"collection":[{"href":"https:\/\/trace.ces.uc.pt\/pt-pt\/wp-json\/wp\/v2\/pages"}],"about":[{"href":"https:\/\/trace.ces.uc.pt\/pt-pt\/wp-json\/wp\/v2\/types\/page"}],"author":[{"embeddable":true,"href":"https:\/\/trace.ces.uc.pt\/pt-pt\/wp-json\/wp\/v2\/users\/3"}],"replies":[{"embeddable":true,"href":"https:\/\/trace.ces.uc.pt\/pt-pt\/wp-json\/wp\/v2\/comments?post=1414"}],"version-history":[{"count":1,"href":"https:\/\/trace.ces.uc.pt\/pt-pt\/wp-json\/wp\/v2\/pages\/1414\/revisions"}],"predecessor-version":[{"id":1415,"href":"https:\/\/trace.ces.uc.pt\/pt-pt\/wp-json\/wp\/v2\/pages\/1414\/revisions\/1415"}],"up":[{"embeddable":true,"href":"https:\/\/trace.ces.uc.pt\/pt-pt\/wp-json\/wp\/v2\/pages\/1389"}],"wp:attachment":[{"href":"https:\/\/trace.ces.uc.pt\/pt-pt\/wp-json\/wp\/v2\/media?parent=1414"}],"curies":[{"name":"wp","href":"https:\/\/api.w.org\/{rel}","templated":true}]}}